{"id":466,"date":"2023-03-16T07:51:37","date_gmt":"2023-03-16T07:51:37","guid":{"rendered":"https:\/\/legalbrandservices.com\/qui-soc\/"},"modified":"2023-05-17T08:55:31","modified_gmt":"2023-05-17T08:55:31","slug":"qui-soc-advocada","status":"publish","type":"page","link":"https:\/\/legalbrandservices.com\/ca\/qui-soc-advocada\/","title":{"rendered":"Qui s\u00f3c"},"content":{"rendered":"<p>[et_pb_section fb_built=&#8221;1&#8243; _builder_version=&#8221;4.20.2&#8243; _module_preset=&#8221;default&#8221; background_color=&#8221;#2D376A&#8221; background_enable_image=&#8221;off&#8221; custom_padding=&#8221;0px||0px|||&#8221; global_colors_info=&#8221;{}&#8221;][et_pb_row column_structure=&#8221;1_3,2_3&#8243; make_equal=&#8221;on&#8221; _builder_version=&#8221;4.20.2&#8243; _module_preset=&#8221;default&#8221; position_origin_a=&#8221;center_center&#8221; position_origin_a_tablet=&#8221;center_center&#8221; position_origin_a_phone=&#8221;center_center&#8221; position_origin_a_last_edited=&#8221;off|phone&#8221; position_origin_f_last_edited=&#8221;off|phone&#8221; position_origin_r_last_edited=&#8221;off|phone&#8221; custom_margin=&#8221;-1px|auto||auto||&#8221; custom_padding=&#8221;||0px|||&#8221; positioning_tablet=&#8221;absolute&#8221; positioning_phone=&#8221;absolute&#8221; positioning_last_edited=&#8221;off|phone&#8221; custom_css_main_element=&#8221;align-items:Center&#8221; global_colors_info=&#8221;{}&#8221;][et_pb_column type=&#8221;1_3&#8243; _builder_version=&#8221;4.20.2&#8243; _module_preset=&#8221;default&#8221; global_colors_info=&#8221;{}&#8221;][et_pb_image src=&#8221;https:\/\/legalbrandservices.com\/wp-content\/uploads\/2023\/03\/Maria-Lobato.png&#8221; title_text=&#8221;Mari\u0301a Lobato&#8221; disabled_on=&#8221;on|on|off&#8221; module_class=&#8221;foto-pastilla-qui-som&#8221; _builder_version=&#8221;4.20.2&#8243; _module_preset=&#8221;default&#8221; module_alignment=&#8221;right&#8221; max_height=&#8221;550px&#8221; custom_margin=&#8221;||0px||false|false&#8221; custom_padding=&#8221;|15px|0px|60px|false|false&#8221; global_colors_info=&#8221;{}&#8221;][\/et_pb_image][\/et_pb_column][et_pb_column type=&#8221;2_3&#8243; _builder_version=&#8221;4.20.2&#8243; _module_preset=&#8221;default&#8221; global_colors_info=&#8221;{}&#8221;][et_pb_text _builder_version=&#8221;4.20.2&#8243; _module_preset=&#8221;921f3ebc-464e-4f5c-a27e-c68f3023cd45&#8243; background_layout=&#8221;dark&#8221; global_colors_info=&#8221;{}&#8221;]<\/p>\n<nav aria-label=\"breadcrumbs\" class=\"rank-math-breadcrumb\"><p><span class=\"last\">Inicio<\/span><\/p><\/nav>\n<p>[\/et_pb_text][et_pb_cta title=&#8221;Mar\u00cda Lobato&#8221; button_url=&#8221;#&#8221; _builder_version=&#8221;4.20.2&#8243; _module_preset=&#8221;b5691733-8ce4-43d7-b035-adcf3adfa1f9&#8243; body_font_size=&#8221;26px&#8221; text_orientation=&#8221;left&#8221; background_layout=&#8221;dark&#8221; global_colors_info=&#8221;{}&#8221;]<\/p>\n<p>Legal Brand Services<\/p>\n<p>[\/et_pb_cta][et_pb_text module_class=&#8221;cita-sobre-mi&#8221; _builder_version=&#8221;4.20.2&#8243; _module_preset=&#8221;default&#8221; text_line_height=&#8221;1.3em&#8221; background_layout=&#8221;dark&#8221; global_colors_info=&#8221;{}&#8221;]<\/p>\n<p><span style=\"font-weight: 400;\">Al llarg dels meus gaireb\u00e9 20 anys de traject\u00f2ria professional m&#8217;he adonat que les empreses grans s\u00f3n les \u00faniques que valoren i coneixen els beneficis de la propietat industrial. I el meu objectiu principal \u00e9s <\/span><span style=\"font-weight: 400;\">formar, assessorar i acompanyar<\/span><span style=\"font-weight: 400;\"> les PIMES i els emprenedors<\/span> <span style=\"font-weight: 400;\">a la realitzaci\u00f3 de la millor estrat\u00e8gia de protecci\u00f3 i mantenimient dels seus actius intangibles (marques, patents i disenys). D&#8217;aquesta manera, canviar la seva visi\u00f3 <\/span><span style=\"font-weight: 400;\">de que no \u00e9s una despesa innecess\u00e0ria sino una inversi\u00f3.<\/span><\/p>\n<p>[\/et_pb_text][et_pb_image src=&#8221;https:\/\/legalbrandservices.com\/wp-content\/uploads\/2023\/03\/Maria-Lobato.png&#8221; title_text=&#8221;Mari\u0301a Lobato&#8221; disabled_on=&#8221;off|off|on&#8221; module_class=&#8221;foto-pastilla-qui-som&#8221; _builder_version=&#8221;4.20.2&#8243; _module_preset=&#8221;default&#8221; module_alignment=&#8221;right&#8221; max_height=&#8221;550px&#8221; custom_padding=&#8221;|15px||60px||&#8221; global_colors_info=&#8221;{}&#8221;][\/et_pb_image][\/et_pb_column][\/et_pb_row][\/et_pb_section][et_pb_section fb_built=&#8221;1&#8243; _builder_version=&#8221;4.20.2&#8243; _module_preset=&#8221;default&#8221; global_colors_info=&#8221;{}&#8221;][et_pb_row column_structure=&#8221;1_2,1_2&#8243; _builder_version=&#8221;4.20.2&#8243; _module_preset=&#8221;default&#8221; global_colors_info=&#8221;{}&#8221;][et_pb_column type=&#8221;1_2&#8243; _builder_version=&#8221;4.20.2&#8243; _module_preset=&#8221;default&#8221; global_colors_info=&#8221;{}&#8221;][et_pb_cta title=&#8221;Advocada col\u00b7legiada amb experi\u00e8ncia en bufets d&#8217;advocats&#8221; button_url=&#8221;@ET-DC@eyJkeW5hbWljIjp0cnVlLCJjb250ZW50IjoicG9zdF9saW5rX3VybF9wYWdlIiwic2V0dGluZ3MiOnsicG9zdF9pZCI6IjYzIn19@&#8221; button_text=&#8221;veure serveis&#8221; module_class=&#8221;cta-sobre-mi&#8221; _builder_version=&#8221;4.20.2&#8243; _dynamic_attributes=&#8221;button_url&#8221; _module_preset=&#8221;aecb5a99-37da-4cfa-b3b0-f9d00fb302a1&#8243; global_colors_info=&#8221;{}&#8221;]<\/p>\n<p>Comunicaci\u00f3 clara i propera en tots els processos i guia davant totes les fases.<\/p>\n<p><em>&#8220;L&#8217;advocacia acostuma a utilitzar un vocabulari desconegut i una imatge distant i freda, per\u00f2 la meva principal funci\u00f3 \u00e9s convertir tots els processos en una aventura f\u00e0cil, entenedora i transparent per a tots els meus clients.&#8221;<\/em><\/p>\n<p>[\/et_pb_cta][\/et_pb_column][et_pb_column type=&#8221;1_2&#8243; _builder_version=&#8221;4.20.2&#8243; _module_preset=&#8221;default&#8221; global_colors_info=&#8221;{}&#8221;][et_pb_cta title=&#8221;Confian\u00e7a i transpar\u00e8ncia a totes les gestions&#8221; button_url=&#8221;@ET-DC@eyJkeW5hbWljIjp0cnVlLCJjb250ZW50IjoicG9zdF9saW5rX3VybF9wYWdlIiwic2V0dGluZ3MiOnsicG9zdF9pZCI6IjYzIn19@&#8221; button_text=&#8221;veure serveis&#8221; module_class=&#8221;cta-sobre-mi&#8221; _builder_version=&#8221;4.20.2&#8243; _dynamic_attributes=&#8221;button_url&#8221; _module_preset=&#8221;aecb5a99-37da-4cfa-b3b0-f9d00fb302a1&#8243; global_colors_info=&#8221;{}&#8221;]<\/p>\n<p>Servei especialitzat i professional sobre marques, patents i drets d\u00b4autor.<\/p>\n<p><em>&#8220;Compto amb una xarxa de col\u00b7laboradors externs per donar una major protecci\u00f3 i assegurar els actius intangibles dels clients. Realitzo col\u00b7laboracions en Ag\u00e8ncies de Comunicaci\u00f3 i M\u00e0rqueting, Ag\u00e8ncies-Despatxos de Propietat Industrial i Assessories-Gestories.&#8221;<\/em><\/p>\n<p>[\/et_pb_cta][\/et_pb_column][\/et_pb_row][\/et_pb_section][et_pb_section fb_built=&#8221;1&#8243; _builder_version=&#8221;4.20.2&#8243; _module_preset=&#8221;default&#8221; custom_padding=&#8221;||88px|||&#8221; global_colors_info=&#8221;{}&#8221;][et_pb_row _builder_version=&#8221;4.20.2&#8243; _module_preset=&#8221;default&#8221; global_colors_info=&#8221;{}&#8221;][et_pb_column type=&#8221;4_4&#8243; _builder_version=&#8221;4.20.2&#8243; _module_preset=&#8221;default&#8221; global_colors_info=&#8221;{}&#8221;][et_pb_cta title=&#8221;Col\u00b7laboradora i redactora d&#8217;articles d&#8217;opini\u00f3 al Pened\u00e8s Econ\u00f2mic&#8221; _builder_version=&#8221;4.20.2&#8243; _module_preset=&#8221;default&#8221; text_orientation=&#8221;center&#8221; global_colors_info=&#8221;{}&#8221;]<\/p>\n<p>Podeu llegir els meus articles al mensual de negocis de la zona del Pened\u00e8s i Garraf, el Pened\u00e8s Econ\u00f2mic, especialitzat en not\u00edcies d&#8217;economia i empresa.<\/p>\n<p>[\/et_pb_cta][dipi_button_grid flex_direction=&#8221;row&#8221; _builder_version=&#8221;4.20.2&#8243; _module_preset=&#8221;default&#8221; global_colors_info=&#8221;{}&#8221;][dipi_button_grid_child button_id=&#8221;ver blog&#8221; button_text=&#8221;ver blog&#8221; button_link=&#8221;@ET-DC@eyJkeW5hbWljIjp0cnVlLCJjb250ZW50IjoicG9zdF9saW5rX3VybF9wYWdlIiwic2V0dGluZ3MiOnsicG9zdF9pZCI6IjUyIn19@&#8221; _builder_version=&#8221;4.20.2&#8243; _dynamic_attributes=&#8221;button_link&#8221; _module_preset=&#8221;default&#8221; global_colors_info=&#8221;{}&#8221;][\/dipi_button_grid_child][dipi_button_grid_child button_id=&#8221;Pened\u00e8s econ\u00f2mic&#8221; button_text=&#8221;Pened\u00e8s econ\u00f2mic&#8221; button_link=&#8221;https:\/\/penedeseconomic.com\/opinio\/maria-lobato&#8221; button_link_target=&#8221;on&#8221; _builder_version=&#8221;4.20.2&#8243; _module_preset=&#8221;default&#8221; global_colors_info=&#8221;{}&#8221;][\/dipi_button_grid_child][\/dipi_button_grid][\/et_pb_column][\/et_pb_row][\/et_pb_section][et_pb_section fb_built=&#8221;1&#8243; _builder_version=&#8221;4.20.2&#8243; _module_preset=&#8221;default&#8221; global_colors_info=&#8221;{}&#8221;][et_pb_row _builder_version=&#8221;4.20.2&#8243; _module_preset=&#8221;default&#8221; background_color=&#8221;#DEDDE2&#8243; custom_padding=&#8221;60px|30px|60px|30px|false|false&#8221; global_colors_info=&#8221;{}&#8221;][et_pb_column type=&#8221;4_4&#8243; _builder_version=&#8221;4.20.2&#8243; _module_preset=&#8221;default&#8221; global_colors_info=&#8221;{}&#8221;][et_pb_cta title=&#8221;Contacta&#8217;m&#8221; button_text=&#8221;Click Here&#8221; admin_label=&#8221;Call To Action&#8221; _builder_version=&#8221;4.20.2&#8243; _module_preset=&#8221;default&#8221; custom_margin=&#8221;||-10px|||&#8221; locked=&#8221;off&#8221; global_colors_info=&#8221;{}&#8221;]<\/p>\n<p>Si vols que et faciliti m\u00e9s informaci\u00f3 sobre els meus serveis o vols fer una consulta, omple el seg\u00fcent formulari i em posar\u00e9 en contacte amb tu el m\u00e9s aviat possible.<\/p>\n<p>[\/et_pb_cta][et_pb_text _builder_version=&#8221;4.20.2&#8243; _module_preset=&#8221;default&#8221; global_colors_info=&#8221;{}&#8221;]<\/p>\n<script type=\"text\/javascript\">var gform;gform||(document.addEventListener(\"gform_main_scripts_loaded\",function(){gform.scriptsLoaded=!0}),window.addEventListener(\"DOMContentLoaded\",function(){gform.domLoaded=!0}),gform={domLoaded:!1,scriptsLoaded:!1,initializeOnLoaded:function(o){gform.domLoaded&&gform.scriptsLoaded?o():!gform.domLoaded&&gform.scriptsLoaded?window.addEventListener(\"DOMContentLoaded\",o):document.addEventListener(\"gform_main_scripts_loaded\",o)},hooks:{action:{},filter:{}},addAction:function(o,n,r,t){gform.addHook(\"action\",o,n,r,t)},addFilter:function(o,n,r,t){gform.addHook(\"filter\",o,n,r,t)},doAction:function(o){gform.doHook(\"action\",o,arguments)},applyFilters:function(o){return gform.doHook(\"filter\",o,arguments)},removeAction:function(o,n){gform.removeHook(\"action\",o,n)},removeFilter:function(o,n,r){gform.removeHook(\"filter\",o,n,r)},addHook:function(o,n,r,t,i){null==gform.hooks[o][n]&&(gform.hooks[o][n]=[]);var e=gform.hooks[o][n];null==i&&(i=n+\"_\"+e.length),gform.hooks[o][n].push({tag:i,callable:r,priority:t=null==t?10:t})},doHook:function(n,o,r){var t;if(r=Array.prototype.slice.call(r,1),null!=gform.hooks[n][o]&&((o=gform.hooks[n][o]).sort(function(o,n){return o.priority-n.priority}),o.forEach(function(o){\"function\"!=typeof(t=o.callable)&&(t=window[t]),\"action\"==n?t.apply(null,r):r[0]=t.apply(null,r)})),\"filter\"==n)return r[0]},removeHook:function(o,n,t,i){var r;null!=gform.hooks[o][n]&&(r=(r=gform.hooks[o][n]).filter(function(o,n,r){return!!(null!=i&&i!=o.tag||null!=t&&t!=o.priority)}),gform.hooks[o][n]=r)}});<\/script>\n                <div class='gf_browser_gecko gform_wrapper gravity-theme gform-theme--no-framework' data-form-theme='gravity-theme' data-form-index='0' id='gform_wrapper_1' >\n                        <div class='gform_heading'>\n                            <p class='gform_description'><\/p>\n\t\t\t\t\t\t\t<p class='gform_required_legend'>&quot;<span class=\"gfield_required gfield_required_asterisk\">*<\/span>&quot; indica camps obligatoris.<\/p>\n                        <\/div><form method='post' enctype='multipart\/form-data'  id='gform_1'  action='\/ca\/wp-json\/wp\/v2\/pages\/466' data-formid='1' ><div class='gf_invisible ginput_recaptchav3' data-sitekey='6LdoSTYpAAAAACXw5N1fntlDAB2QIdOibWVbevOE' data-tabindex='0'><input id=\"input_b5f4372a222556ea11444a1afd348ef2\" class=\"gfield_recaptcha_response\" type=\"hidden\" name=\"input_b5f4372a222556ea11444a1afd348ef2\" value=\"\"\/><\/div>\n                        <div class='gform-body gform_body'><div id='gform_fields_1' class='gform_fields top_label form_sublabel_below description_below'><div id=\"field_1_1\"  class=\"gfield gfield--type-text gfield--width-half gfield_contains_required field_sublabel_below gfield--no-description field_description_below gfield_visibility_visible\"  data-js-reload=\"field_1_1\"><label class='gfield_label gform-field-label' for='input_1_1' >Nom i cognoms<span class=\"gfield_required\"><span class=\"gfield_required gfield_required_asterisk\">*<\/span><\/span><\/label><div class='ginput_container ginput_container_text'><input name='input_1' id='input_1_1' type='text' value='' class='large'     aria-required=\"true\" aria-invalid=\"false\"   \/> <\/div><\/div><div id=\"field_1_3\"  class=\"gfield gfield--type-text gfield--width-half gfield_contains_required field_sublabel_below gfield--no-description field_description_below gfield_visibility_visible\"  data-js-reload=\"field_1_3\"><label class='gfield_label gform-field-label' for='input_1_3' >Empresa<span class=\"gfield_required\"><span class=\"gfield_required gfield_required_asterisk\">*<\/span><\/span><\/label><div class='ginput_container ginput_container_text'><input name='input_3' id='input_1_3' type='text' value='' class='large'     aria-required=\"true\" aria-invalid=\"false\"   \/> <\/div><\/div><div id=\"field_1_5\"  class=\"gfield gfield--type-email gfield--width-half gfield_contains_required field_sublabel_below gfield--no-description field_description_below gfield_visibility_visible\"  data-js-reload=\"field_1_5\"><label class='gfield_label gform-field-label' for='input_1_5' >Email<span class=\"gfield_required\"><span class=\"gfield_required gfield_required_asterisk\">*<\/span><\/span><\/label><div class='ginput_container ginput_container_email'>\n                            <input name='input_5' id='input_1_5' type='text' value='' class='large'    aria-required=\"true\" aria-invalid=\"false\"  \/>\n                        <\/div><\/div><div id=\"field_1_6\"  class=\"gfield gfield--type-phone gfield--width-half gfield_contains_required field_sublabel_below gfield--no-description field_description_below gfield_visibility_visible\"  data-js-reload=\"field_1_6\"><label class='gfield_label gform-field-label' for='input_1_6' >Tel\u00e8fon<span class=\"gfield_required\"><span class=\"gfield_required gfield_required_asterisk\">*<\/span><\/span><\/label><div class='ginput_container ginput_container_phone'><input name='input_6' id='input_1_6' type='text' value='' class='large'   aria-required=\"true\" aria-invalid=\"false\"   \/><\/div><\/div><div id=\"field_1_7\"  class=\"gfield gfield--type-textarea field_sublabel_below gfield--no-description field_description_below gfield_visibility_visible\"  data-js-reload=\"field_1_7\"><label class='gfield_label gform-field-label' for='input_1_7' >Consulta<\/label><div class='ginput_container ginput_container_textarea'><textarea name='input_7' id='input_1_7' class='textarea small'      aria-invalid=\"false\"   rows='10' cols='50'><\/textarea><\/div><\/div><fieldset id=\"field_1_8\"  class=\"gfield gfield--type-consent gfield--type-choice gfield--input-type-consent gfield_contains_required field_sublabel_below gfield--no-description field_description_below hidden_label gfield_visibility_visible\"  data-js-reload=\"field_1_8\"><legend class='gfield_label gform-field-label gfield_label_before_complex'  >He llegit i accepto la pol\u00edtica de privacitat.<span class=\"gfield_required\"><span class=\"gfield_required gfield_required_asterisk\">*<\/span><\/span><\/legend><div class='ginput_container ginput_container_consent'><input name='input_8.1' id='input_1_8_1' type='checkbox' value='1'   aria-required=\"true\" aria-invalid=\"false\"   \/> <label class=\"gform-field-label gform-field-label--type-inline gfield_consent_label\" for='input_1_8_1' >He llegit i accepto la <a href=\"https:\/\/legalbrandservices.com\/ca\/politica-de-privacitat\/\" target=\"_blank\" style=\"text-decoration:underline\">pol\u00edtica de privacitat.<\/a><span class=\"gfield_required gfield_required_asterisk\">*<\/span><\/label><input type='hidden' name='input_8.2' value='He llegit i accepto la &lt;a href=&quot;https:\/\/legalbrandservices.com\/ca\/politica-de-privacitat\/&quot; target=&quot;_blank&quot; style=&quot;text-decoration:underline&quot;&gt;pol\u00edtica de privacitat.&lt;\/a&gt;' class='gform_hidden' \/><input type='hidden' name='input_8.3' value='1' class='gform_hidden' \/><\/div><\/fieldset><fieldset id=\"field_1_9\"  class=\"gfield gfield--type-consent gfield--type-choice gfield--input-type-consent gfield--width-full field_sublabel_below gfield--no-description field_description_below hidden_label gfield_visibility_visible\"  data-js-reload=\"field_1_9\"><legend class='gfield_label gform-field-label gfield_label_before_complex'  >Autoritzo expressament a rebre comunicacions comercials de MAR\u00cdA LOBATO per mitjans electr\u00f2nics.<\/legend><div class='ginput_container ginput_container_consent'><input name='input_9.1' id='input_1_9_1' type='checkbox' value='1'    aria-invalid=\"false\"   \/> <label class=\"gform-field-label gform-field-label--type-inline gfield_consent_label\" for='input_1_9_1' >Autoritzo expressament a rebre comunicacions comercials de MAR\u00cdA LOBATO per mitjans electr\u00f2nics.<\/label><input type='hidden' name='input_9.2' value='Autoritzo expressament a rebre comunicacions comercials de MAR\u00cdA LOBATO per mitjans electr\u00f2nics.' class='gform_hidden' \/><input type='hidden' name='input_9.3' value='1' class='gform_hidden' \/><\/div><\/fieldset><div id=\"field_1_10\"  class=\"gfield gfield--type-html gfield--width-full gfield_html gfield_html_formatted gfield_no_follows_desc field_sublabel_below gfield--no-description field_description_below gfield_visibility_visible\"  data-js-reload=\"field_1_10\"><p style=\"font-size: 10px; line-height: 1;\">Aquest lloc web est\u00e0 protegit amb reCAPTCHA i hi aplica la <a href=\"https:\/\/policies.google.com\/privacy\" target=\"_blank\" rel=\"noopener\">pol\u00edtica de privacitat<\/a> y les <a href=\"https:\/\/policies.google.com\/terms\" target=\"_blank\" rel=\"noopener\">condicions de servei<\/a> de Google.<\/p><\/div><\/div><\/div>\n        <div class='gform_footer top_label'> <input type='submit' id='gform_submit_button_1' class='gform_button button' value='Enviar'  onclick='if(window[\"gf_submitting_1\"]){return false;}  window[\"gf_submitting_1\"]=true;  ' onkeypress='if( event.keyCode == 13 ){ if(window[\"gf_submitting_1\"]){return false;} window[\"gf_submitting_1\"]=true;  jQuery(\"#gform_1\").trigger(\"submit\",[true]); }' \/> \n            <input type='hidden' class='gform_hidden' name='is_submit_1' value='1' \/>\n            <input type='hidden' class='gform_hidden' name='gform_submit' value='1' \/>\n            \n            <input type='hidden' class='gform_hidden' name='gform_unique_id' value='' \/>\n            <input type='hidden' class='gform_hidden' name='state_1' value='WyJ7XCI4LjFcIjpcIjMwOGVjOWFlMjUxMGFmYTYwYmNmN2ZhOGFlYzAwYzkxXCIsXCI4LjJcIjpcIjQzMzU0MGMwNjNkM2FiMzg5NmQ1YjY1MWVhMGNkNjBiXCIsXCI4LjNcIjpcIjMwOGVjOWFlMjUxMGFmYTYwYmNmN2ZhOGFlYzAwYzkxXCIsXCI5LjFcIjpcIjMwOGVjOWFlMjUxMGFmYTYwYmNmN2ZhOGFlYzAwYzkxXCIsXCI5LjJcIjpcImU4NTY3MmEwNGZkNjAzYjE4NmYzZGZiYTY2ZDRjNTUxXCIsXCI5LjNcIjpcIjMwOGVjOWFlMjUxMGFmYTYwYmNmN2ZhOGFlYzAwYzkxXCJ9IiwiNmE5NjQ1MTk3YWZmYzkwYzBkYjcwYmE2MmFlMjI2YTQiXQ==' \/>\n            <input type='hidden' class='gform_hidden' name='gform_target_page_number_1' id='gform_target_page_number_1' value='0' \/>\n            <input type='hidden' class='gform_hidden' name='gform_source_page_number_1' id='gform_source_page_number_1' value='1' \/>\n            <input type='hidden' name='gform_field_values' value='' \/>\n            \n        <\/div>\n                        <\/form>\n                        <\/div><script type=\"text\/javascript\">\ngform.initializeOnLoaded( function() {gformInitSpinner( 1, 'https:\/\/legalbrandservices.com\/wp-content\/plugins\/gravityforms\/images\/spinner.svg', true );jQuery('#gform_ajax_frame_1').on('load',function(){var contents = jQuery(this).contents().find('*').html();var is_postback = contents.indexOf('GF_AJAX_POSTBACK') >= 0;if(!is_postback){return;}var form_content = jQuery(this).contents().find('#gform_wrapper_1');var is_confirmation = jQuery(this).contents().find('#gform_confirmation_wrapper_1').length > 0;var is_redirect = contents.indexOf('gformRedirect(){') >= 0;var is_form = form_content.length > 0 && ! is_redirect && ! is_confirmation;var mt = parseInt(jQuery('html').css('margin-top'), 10) + parseInt(jQuery('body').css('margin-top'), 10) + 100;if(is_form){jQuery('#gform_wrapper_1').html(form_content.html());if(form_content.hasClass('gform_validation_error')){jQuery('#gform_wrapper_1').addClass('gform_validation_error');} else {jQuery('#gform_wrapper_1').removeClass('gform_validation_error');}setTimeout( function() { \/* delay the scroll by 50 milliseconds to fix a bug in chrome *\/  }, 50 );if(window['gformInitDatepicker']) {gformInitDatepicker();}if(window['gformInitPriceFields']) {gformInitPriceFields();}var current_page = jQuery('#gform_source_page_number_1').val();gformInitSpinner( 1, 'https:\/\/legalbrandservices.com\/wp-content\/plugins\/gravityforms\/images\/spinner.svg', true );jQuery(document).trigger('gform_page_loaded', [1, current_page]);window['gf_submitting_1'] = false;}else if(!is_redirect){var confirmation_content = jQuery(this).contents().find('.GF_AJAX_POSTBACK').html();if(!confirmation_content){confirmation_content = contents;}setTimeout(function(){jQuery('#gform_wrapper_1').replaceWith(confirmation_content);jQuery(document).trigger('gform_confirmation_loaded', [1]);window['gf_submitting_1'] = false;wp.a11y.speak(jQuery('#gform_confirmation_message_1').text());}, 50);}else{jQuery('#gform_1').append(contents);if(window['gformRedirect']) {gformRedirect();}}jQuery(document).trigger('gform_post_render', [1, current_page]);gform.utils.trigger({ event: 'gform\/postRender', native: false, data: { formId: 1, currentPage: current_page } });} );} );\n<\/script>\n\n<p>[\/et_pb_text][\/et_pb_column][\/et_pb_row][\/et_pb_section]<\/p>\n","protected":false},"excerpt":{"rendered":"<p><nav aria-label=\"breadcrumbs\" class=\"rank-math-breadcrumb\"><p><span class=\"last\">Inicio<\/span><\/p><\/nav>Legal Brand ServicesAl llarg dels meus gaireb\u00e9 20 anys de traject\u00f2ria professional m&#8217;he adonat que les empreses grans s\u00f3n les \u00faniques que valoren i coneixen els beneficis de la propietat industrial. I el meu objectiu principal \u00e9s formar, assessorar i acompanyar les PIMES i els emprenedors a la realitzaci\u00f3 de la millor estrat\u00e8gia de protecci\u00f3 [&hellip;]<\/p>\n","protected":false},"author":1,"featured_media":0,"parent":0,"menu_order":0,"comment_status":"closed","ping_status":"closed","template":"","meta":{"_et_pb_use_builder":"on","_et_pb_old_content":"","_et_gb_content_width":"","footnotes":""},"dipi_cpt_category":[],"_links":{"self":[{"href":"https:\/\/legalbrandservices.com\/ca\/wp-json\/wp\/v2\/pages\/466"}],"collection":[{"href":"https:\/\/legalbrandservices.com\/ca\/wp-json\/wp\/v2\/pages"}],"about":[{"href":"https:\/\/legalbrandservices.com\/ca\/wp-json\/wp\/v2\/types\/page"}],"author":[{"embeddable":true,"href":"https:\/\/legalbrandservices.com\/ca\/wp-json\/wp\/v2\/users\/1"}],"replies":[{"embeddable":true,"href":"https:\/\/legalbrandservices.com\/ca\/wp-json\/wp\/v2\/comments?post=466"}],"version-history":[{"count":47,"href":"https:\/\/legalbrandservices.com\/ca\/wp-json\/wp\/v2\/pages\/466\/revisions"}],"predecessor-version":[{"id":833,"href":"https:\/\/legalbrandservices.com\/ca\/wp-json\/wp\/v2\/pages\/466\/revisions\/833"}],"wp:attachment":[{"href":"https:\/\/legalbrandservices.com\/ca\/wp-json\/wp\/v2\/media?parent=466"}],"wp:term":[{"taxonomy":"dipi_cpt_category","embeddable":true,"href":"https:\/\/legalbrandservices.com\/ca\/wp-json\/wp\/v2\/dipi_cpt_category?post=466"}],"curies":[{"name":"wp","href":"https:\/\/api.w.org\/{rel}","templated":true}]}}