{"id":566,"date":"2023-03-24T19:03:30","date_gmt":"2023-03-24T19:03:30","guid":{"rendered":"https:\/\/legalbrandservices.com\/accessibilitat\/"},"modified":"2023-05-11T15:23:19","modified_gmt":"2023-05-11T15:23:19","slug":"accessibilitat","status":"publish","type":"page","link":"https:\/\/legalbrandservices.com\/ca\/accessibilitat\/","title":{"rendered":"Accessibilitat"},"content":{"rendered":"<p>[et_pb_section fb_built=&#8221;1&#8243; theme_builder_area=&#8221;post_content&#8221; _builder_version=&#8221;4.20.2&#8243; _module_preset=&#8221;default&#8221; custom_padding=&#8221;0px||0px||false|false&#8221; hover_enabled=&#8221;0&#8243; sticky_enabled=&#8221;0&#8243; custom_margin=&#8221;||0px||false|false&#8221;][et_pb_row _builder_version=&#8221;4.20.2&#8243; _module_preset=&#8221;default&#8221; theme_builder_area=&#8221;post_content&#8221; hover_enabled=&#8221;0&#8243; sticky_enabled=&#8221;0&#8243;][et_pb_column _builder_version=&#8221;4.20.2&#8243; _module_preset=&#8221;default&#8221; type=&#8221;4_4&#8243; theme_builder_area=&#8221;post_content&#8221;][et_pb_text _builder_version=&#8221;4.20.2&#8243; _module_preset=&#8221;921f3ebc-464e-4f5c-a27e-c68f3023cd45&#8243; theme_builder_area=&#8221;post_content&#8221; admin_label=&#8221;breadcrumb&#8221; hover_enabled=&#8221;0&#8243; sticky_enabled=&#8221;0&#8243;]<\/p>\n<nav aria-label=\"breadcrumbs\" class=\"rank-math-breadcrumb\"><p><span class=\"last\">Inicio<\/span><\/p><\/nav>\n<p>[\/et_pb_text][\/et_pb_column][\/et_pb_row][\/et_pb_section][et_pb_section fb_built=&#8221;1&#8243; theme_builder_area=&#8221;post_content&#8221; _builder_version=&#8221;4.20.2&#8243; _module_preset=&#8221;default&#8221;][et_pb_row _builder_version=&#8221;4.20.2&#8243; _module_preset=&#8221;default&#8221; theme_builder_area=&#8221;post_content&#8221;][et_pb_column _builder_version=&#8221;4.20.2&#8243; _module_preset=&#8221;default&#8221; type=&#8221;4_4&#8243; theme_builder_area=&#8221;post_content&#8221;][et_pb_text _builder_version=&#8221;4.20.2&#8243; _module_preset=&#8221;default&#8221; theme_builder_area=&#8221;post_content&#8221; hover_enabled=&#8221;0&#8243; sticky_enabled=&#8221;0&#8243;]<\/p>\n<h1>Accessibilitat<\/h1>\n<p>Mar\u00eda Lobato es compromet a fer que el seu lloc web, legalbrandservices.com, sigui accessible per a tots els usuaris, incloses persones amb discapacitats. Estem copromesos a garantir que el nostre lloc web compleixi amb les pautes d&#8217;accessibilitat web de nivell AA de la WCAG 2.1.<\/p>\n<h2>Situaci\u00f3 de compliment<\/h2>\n<p>Les <a href=\"https:\/\/www.w3.org\/WAI\/standards-guidelines\/wcag\/\" target=\"_blank\" rel=\"noopener\">Pautes d&#8217;Accessibilitat pel Contingut Web (WCAG)<\/a> defineixen els requisits per a disenyadors i desenvolupadors amb la finalitat de millorar l&#8217;accessibilitat per a persones amb discapacitats. Es defineixen tres nivells de conformitat: Nivell A, Nivell AA i Nivell AAA. LegalBrandServices.com compleix parcialment amb WCAG 2.1 Nivell AA. Parcialment conforme significa que algunes parts del contingut no compleixen completament amb l&#8217;est\u00e0ndar d&#8217;accessibilitat.<\/p>\n<h2>Contingut no accessible<\/h2>\n<p>Podrien existir documents ofim\u00e0tics en PDF i altres formats que no compleixin a la seva totalitat els requisits d&#8217;accessibilitat. Es poden sol\u00b7licitar els documents completament accessibles des del formulari de contacte.<\/p>\n<p>Podr\u00eden existir errors de codi puntuals d&#8217;edici\u00f3 en alguna p\u00e0gina web.<\/p>\n<h2>Feedback<\/h2>\n<p>Estem compromesos a seguir millorant l&#8217;accessibilitat del nostre lloc web per garantir que sigui accessible per a tots. Si t\u00e9 alguna pregunta o suggerencia, si us plau <a href=\"https:\/\/legalbrandservices.com\/ca\/contacte\/\">cont\u00e0ctim<\/a>.<\/p>\n<p>Signa: Mar\u00eda Lobato S\u00e1nchez<\/p>\n<p>Data: 24 de mar\u00e7 de 2023<\/p>\n<p>[\/et_pb_text][\/et_pb_column][\/et_pb_row][\/et_pb_section]<\/p>\n","protected":false},"excerpt":{"rendered":"<p><nav aria-label=\"breadcrumbs\" class=\"rank-math-breadcrumb\"><p><span class=\"last\">Inicio<\/span><\/p><\/nav> Accessibilitat Mar\u00eda Lobato es compromet a fer que el seu lloc web, legalbrandservices.com, sigui accessible per a tots els usuaris, incloses persones amb discapacitats. Estem copromesos a garantir que el nostre lloc web compleixi amb les pautes d&#8217;accessibilitat web de nivell AA de la WCAG 2.1. Situaci\u00f3 de compliment Les Pautes d&#8217;Accessibilitat pel Contingut [&hellip;]<\/p>\n","protected":false},"author":1,"featured_media":0,"parent":0,"menu_order":0,"comment_status":"closed","ping_status":"closed","template":"","meta":{"_et_pb_use_builder":"on","_et_pb_old_content":"","_et_gb_content_width":"","footnotes":""},"dipi_cpt_category":[],"_links":{"self":[{"href":"https:\/\/legalbrandservices.com\/ca\/wp-json\/wp\/v2\/pages\/566"}],"collection":[{"href":"https:\/\/legalbrandservices.com\/ca\/wp-json\/wp\/v2\/pages"}],"about":[{"href":"https:\/\/legalbrandservices.com\/ca\/wp-json\/wp\/v2\/types\/page"}],"author":[{"embeddable":true,"href":"https:\/\/legalbrandservices.com\/ca\/wp-json\/wp\/v2\/users\/1"}],"replies":[{"embeddable":true,"href":"https:\/\/legalbrandservices.com\/ca\/wp-json\/wp\/v2\/comments?post=566"}],"version-history":[{"count":15,"href":"https:\/\/legalbrandservices.com\/ca\/wp-json\/wp\/v2\/pages\/566\/revisions"}],"predecessor-version":[{"id":805,"href":"https:\/\/legalbrandservices.com\/ca\/wp-json\/wp\/v2\/pages\/566\/revisions\/805"}],"wp:attachment":[{"href":"https:\/\/legalbrandservices.com\/ca\/wp-json\/wp\/v2\/media?parent=566"}],"wp:term":[{"taxonomy":"dipi_cpt_category","embeddable":true,"href":"https:\/\/legalbrandservices.com\/ca\/wp-json\/wp\/v2\/dipi_cpt_category?post=566"}],"curies":[{"name":"wp","href":"https:\/\/api.w.org\/{rel}","templated":true}]}}