{"id":607,"date":"2023-03-20T09:35:30","date_gmt":"2023-03-20T09:35:30","guid":{"rendered":"https:\/\/legalbrandservices.com\/avis-legal\/"},"modified":"2023-05-12T07:34:56","modified_gmt":"2023-05-12T07:34:56","slug":"avis-legal","status":"publish","type":"page","link":"https:\/\/legalbrandservices.com\/ca\/avis-legal\/","title":{"rendered":"Av\u00eds legal"},"content":{"rendered":"<p>[et_pb_section fb_built=&#8221;1&#8243; _builder_version=&#8221;4.20.2&#8243; _module_preset=&#8221;default&#8221; global_colors_info=&#8221;{}&#8221;][et_pb_row _builder_version=&#8221;4.20.2&#8243; _module_preset=&#8221;default&#8221; global_colors_info=&#8221;{}&#8221;][et_pb_column type=&#8221;4_4&#8243; _builder_version=&#8221;4.20.2&#8243; _module_preset=&#8221;default&#8221; global_colors_info=&#8221;{}&#8221;][et_pb_text _builder_version=&#8221;4.20.2&#8243; _module_preset=&#8221;default&#8221; hover_enabled=&#8221;0&#8243; global_colors_info=&#8221;{}&#8221; sticky_enabled=&#8221;0&#8243;]<\/p>\n<h1 style=\"text-align: justify;\">AV\u00cdS LEGAL<\/h1>\n<p style=\"text-align: justify;\">A l&#8217;efecte del que es preveu en la Llei 34\/2002 d&#8217;11 de juliol de Serveis de la Societat de la Informaci\u00f3 i del Comer\u00e7 Electr\u00f2nic, (d&#8217;ara endavant, la *LSSICE), es posa en coneixement de l&#8217;usuari, (d&#8217;ara endavant, l&#8217;USUARI), que accedeix a aquesta p\u00e0gina web amb el domini,<strong> https:\/\/legalbrandservices.com\/<\/strong>, (d&#8217;ara endavant, la WEB), la seg\u00fcent INFORMACI\u00d3 GENERAL SOBRE EL PRESTADOR DEL SERVEI: MAR\u00cdA LOBATO S\u00c1NCHEZ.<\/p>\n<p style=\"text-align: justify;\"><strong>Domicili social:<\/strong> Rambla de la Generalitat 44-46, 08720 de Vilafranca del Pened\u00e8s (Barcelona)<br \/><strong>Direcci\u00f3 d&#8217;acc\u00e9s:<\/strong> Rambla de la Generalitat 44-46, 08720 de Vilafranca del Pened\u00e8s (Barcelona)<br \/><strong>N.I.F.:<\/strong> n\u00fam. 52219546-R<br \/>Col\u00b7legiada n\u00fam. 27.391 de lI\u00b7lustre Col\u00b7legi de l&#8217;Advocacia de Barcelona<br \/><strong>Correu-e<\/strong>: <a href=\"mailto:hola@legalbrandservices.com\">hola@legalbrandservices.com<\/a><br \/><strong>Tel\u00e8fon:<\/strong> 646 29 38 20<\/p>\n<p>Tanmateix, MAR\u00cdA LOBATO informa a l&#8217;USUARI dels seg\u00fcents termes i condicions:<\/p>\n<h2>1. Condicions generals d&#8217;\u00fas de la web<\/h2>\n<p>Els continguts, activitats comercials i serveis, en general, prestats a trav\u00e9s de la WEB estan sotmesos als termes i condicions prevists en aquest \u201cAv\u00eds Legal\u201d (d&#8217;ara endavant, l&#8217;AV\u00cdS) i compleixen amb la vigent legislaci\u00f3 espanyola, especialment, amb l&#8217;esmentada LSSICE, amb el Reglament (UE) 2016\/679 del Parlament Europeu i del Consell, de 27 d&#8217;abril de 2016, relatiu a la protecci\u00f3 de les persones f\u00edsiques pel que fa al tractament de dades<br \/>personals i a la lliure circulaci\u00f3 d&#8217;aquestes dades (d&#8217;ara endavant, la *RGPD) i la Llei org\u00e0nica 3\/2018 de 5 de desembre, de Protecci\u00f3 de Dades de Car\u00e0cter Personal i Garantia dels Drets Digitals (d&#8217;ara endavant, la LOPD GDD).<\/p>\n<p>En conseq\u00fc\u00e8ncia, el simple acc\u00e9s i utilitzaci\u00f3 de la WEB per qualsevol persona implica l&#8217;atribuci\u00f3 de la condici\u00f3 d&#8217;USUARI i l&#8217;acceptaci\u00f3 plena de tots els termes i condicions recollits en aquest AV\u00cdS des del mateix moment que s&#8217;accedeix a la WEB. L&#8217;acc\u00e9s a la WEB, aix\u00ed com la sol\u00b7licitud de tot tipus d&#8217;informaci\u00f3 s\u00f3n totalment gratu\u00efts.<\/p>\n<h2>2. Tractament de les dades segons les finalitats<\/h2>\n<p>MAR\u00cdA LOBATO obt\u00e9 dades de car\u00e0cter personal a trav\u00e9s dels formularis de contacte de la web, d&#8217;aquelles persones que remetin alguna consulta, sol\u00b7licitud i\/o comentari. De conformitat amb la normativa vigent en Protecci\u00f3 de dades, en concret, del Reglament (UE) 2016\/679 del Parlament Europeu i del Consell, de 27 d&#8217;abril de 2016, les dades de<br \/>car\u00e0cter personal facilitats a MAR\u00cdA LOBATO a trav\u00e9s del present portal web passaran a formar part dels seus sistemes d&#8217;informaci\u00f3 que compleixen amb les mesures de seguretat exigides a fi de garantir la confidencialitat, integritat, seguretat i recuperaci\u00f3 de la informaci\u00f3.<\/p>\n<p>Les finalitats per a les quals es recapten aquestes dades s\u00f3n les de poder donar resposta a les seves consultes referents als serveis que oferim. A m\u00e9s, de la resposta puntual a les seves consultes, podrem, si ens autoritza a aix\u00f2, remetre-li informaci\u00f3 divulgativa que pogu\u00e9s ser d&#8217;inter\u00e8s per mitjans electr\u00f2nics. Les seves dades es conservaran durant el termini que consti vost\u00e8 inscrit per a rebre la informaci\u00f3 sol\u00b7licitada, sent el seu consentiment revocable, aquest podr\u00e0 ser retirat en qualsevol moment a trav\u00e9s del link que acompanya cada enviament per a comunicar-nos la seva BAIXA o b\u00e9 a trav\u00e9s d&#8217;un correu electr\u00f2nic a l&#8217;adre\u00e7a <a href=\"mailto:hola@legalbrandservices.com\">hola@legalbrandservices.com<\/a>. Des d&#8217;aquest moment, ja no rebr\u00e0 cap comunicaci\u00f3 per part nostra.<br \/>No es procedir\u00e0 a la comunicaci\u00f3 ni cessi\u00f3 de les seves dades, en cap cas.<\/p>\n<p>Vost\u00e8 t\u00e9 Dret a obtenir confirmaci\u00f3 sobre si estem tractant les seves dades personals, per tant, t\u00e9 dret a accedir a les seves dades personals (Dret d&#8217;Acc\u00e9s), t\u00e9 dret a rectificar les dades inexactes (Dret de Rectificaci\u00f3) o a sol\u00b7licitar la seva supressi\u00f3 (Dret de supressi\u00f3) quan les dades ja no siguin necessaris, t\u00e9 dret a exercitar la seva oposici\u00f3 al tractament de dades (Dret d&#8217;oposici\u00f3), a exercitar el seu dret a la limitaci\u00f3 al tractament, aix\u00ed com tindr\u00e0 dret a la portabilitat de les seves dades, de ser el cas. Tot aix\u00f2 mitjan\u00e7ant escrit dirigit a la nostra adre\u00e7a d&#8217;acc\u00e9s en Rambla de la Generalitat 44-46, 08720 de Vilafranca del Pened\u00e8s (Barcelona) o b\u00e9 a trav\u00e9s del correu electr\u00f2nic <a href=\"mailto:hola@legalbrandservices.com\">hola@legalbrandservices.com<\/a> de conformitat amb el procediment dels articles 15 a 23 del Reglament (UE) 2016\/679 del Parlament Europeu i del Consell, de 27 d&#8217;abril de 2016.<\/p>\n<p>Aix\u00ed mateix, l&#8217;informem del seu dret a presentar una reclamaci\u00f3 davant l&#8217;Autoritat de Control competent en mat\u00e8ria de protecci\u00f3 de dades (www.aepd.es) d&#8217;entendre vulnerat algun d&#8217;aquests drets.<\/p>\n<p>MAR\u00cdA LOBATO, declara tenir implementades les mesures de seguretat d&#8217;\u00edndole t\u00e8cnica i organitzativa necess\u00e0ries que garanteixin la seguretat de les dades i evitin la seva alteraci\u00f3, p\u00e8rdua, tractament o acc\u00e9s no autoritzat, tenint en compte de l&#8217;estat de la tecnologia, la naturalesa de les dades emmagatzemades i els riscos al fet que estan exposats, ja provinguin de la<br \/>acci\u00f3 humana o del medi f\u00edsic o natural.<\/p>\n<p>Per a protegir la intimitat dels USUARIS, queda prohibit l&#8217;enviament de qualsevol dada referent a la seva ideologia, religi\u00f3, creences, origen racial i vida sexual a trav\u00e9s dels nostres formularis. Aix\u00ed mateix, l&#8217;informem que, en cap cas, es realitzaran decisions individuals automatitzades ni elaboraci\u00f3 de perfils.<\/p>\n<h2>3. Pol\u00edtica de correus comercials<\/h2>\n<p>D&#8217;acord amb la LSSICE, MAR\u00cdA LOBATO no realitza pr\u00e0ctiques d&#8217;spam, per la qual cosa no envia correus comercials per via electr\u00f2nica que no hagin estat pr\u00e8viament sol\u00b7licitats o autoritzats per l&#8217;USUARI. Aix\u00ed mateix, s&#8217;informa l&#8217;USUARI que, d&#8217;acord amb la LSSICE, les seves dades poden ser utilitzats per a enviar-li els citats correus comercials per via electr\u00f2nica, sense el seu previ consentiment, sempre que versin sobre productes o serveis similars als que inicialment van ser objecte de contractaci\u00f3 o consulta. No obstant aix\u00f2, l&#8217;usuari o client podr\u00e0 oposar-se en qualsevol moment a l&#8217;enviament d&#8217;aquests correus comercials mitjan\u00e7ant comunicaci\u00f3 escrita dirigida al domicili social de MAR\u00cdA LOBATO o a l&#8217;adre\u00e7a de correu electr\u00f2nic que consten en la informaci\u00f3 general d&#8217;aquest AV\u00cdS.<\/p>\n<h2>4. Links i hipervincles<\/h2>\n<p>Des de la p\u00e0gina web de https:\/\/legalbrandservices.com\/, a vegades, es podr\u00e0 accedir a altres p\u00e0gines web, a trav\u00e9s de links, o enlla\u00e7os. MAR\u00cdA LOBATO no es fa responsable de l&#8217;estat de les pol\u00edtiques de seguretat, privacitat i protecci\u00f3 de dades de car\u00e0cter personal, recomanant als usuaris que, si accedeixen a aquestes p\u00e0gines, s&#8217;informin, en primer lloc, del contingut d&#8217;aquestes.<\/p>\n<p>Pel fet que MAR\u00cdA LOBATO no t\u00e9 control sobre aquests llocs i recursos, l&#8217;usuari accepta i acorda que el titular de la web no ser\u00e0 responsable de la disponibilitat d&#8217;aquests llocs i recursos externs, i no els recolza ni \u00e9s responsable o t\u00e9 obligaci\u00f3 legal pel contingut, comercialitzaci\u00f3, productes o altres materials en els llocs o recursos, o disponibles des d&#8217;aquests. L&#8217;usuari accepta i acorda que MAR\u00cdA LOBATO no ser\u00e0 responsable ni estar\u00e0 obligat, directament o indirectament, per cap mal o p\u00e8rdua causada per, o en connexi\u00f3 amb l&#8217;\u00fas o confian\u00e7a en qualsevol contingut, b\u00e9ns o serveis disponibles a trav\u00e9s de qualsevol lloc o recurs.<\/p>\n<h2>5. Informaci\u00f3 sobre recursos t\u00e8cnics<\/h2>\n<p>MAR\u00cdA LOBATO no garanteix l&#8217;acc\u00e9s continu als continguts de la seva p\u00e0gina Web, ni l&#8217;abs\u00e8ncia de virus i\/o altres components nocius en el web o en els seus servidors, ni tampoc la seva correcta visualitzaci\u00f3 o desc\u00e0rrega que pot veure&#8217;s impedida, dificultada o interrompuda per factors o circumst\u00e0ncies alienes a l&#8217;empresa.<\/p>\n<p>L&#8217;empresa no es responsabilitza de possibles danys o perjudicis produ\u00efts per interfer\u00e8ncies, interrupcions o desconnexions en el sistema que siguin aliens al seu control ni tampoc de possibles danys causats en el sistema inform\u00e0tic de l&#8217;usuari (maquinari i programari) a conseq\u00fc\u00e8ncia de l&#8217;acc\u00e9s a la web. Per tant, l&#8217;acc\u00e9s a la nostra p\u00e0gina Web i la navegaci\u00f3 per la mateixa es fa sota la responsabilitat de l&#8217;usuari.<\/p>\n<p>MAR\u00cdA LOBATO proporciona als Usuaris els recursos t\u00e8cnics adequats perqu\u00e8, amb car\u00e0cter previ, puguin accedir a aquest av\u00eds legal o a qualsevol altra informaci\u00f3 rellevant i puguin prestar el seu consentiment lliurement.<\/p>\n<p><strong>Data de l&#8217;\u00faltima publicaci\u00f3:<\/strong> 1 de mar\u00e7 de 2023<\/p>\n<p>[\/et_pb_text][\/et_pb_column][\/et_pb_row][\/et_pb_section]<\/p>\n","protected":false},"excerpt":{"rendered":"<p>AV\u00cdS LEGAL A l&#8217;efecte del que es preveu en la Llei 34\/2002 d&#8217;11 de juliol de Serveis de la Societat de la Informaci\u00f3 i del Comer\u00e7 Electr\u00f2nic, (d&#8217;ara endavant, la *LSSICE), es posa en coneixement de l&#8217;usuari, (d&#8217;ara endavant, l&#8217;USUARI), que accedeix a aquesta p\u00e0gina web amb el domini, https:\/\/legalbrandservices.com\/, (d&#8217;ara endavant, la WEB), la [&hellip;]<\/p>\n","protected":false},"author":1,"featured_media":0,"parent":0,"menu_order":0,"comment_status":"closed","ping_status":"closed","template":"","meta":{"_et_pb_use_builder":"on","_et_pb_old_content":"","_et_gb_content_width":"","footnotes":""},"dipi_cpt_category":[],"_links":{"self":[{"href":"https:\/\/legalbrandservices.com\/ca\/wp-json\/wp\/v2\/pages\/607"}],"collection":[{"href":"https:\/\/legalbrandservices.com\/ca\/wp-json\/wp\/v2\/pages"}],"about":[{"href":"https:\/\/legalbrandservices.com\/ca\/wp-json\/wp\/v2\/types\/page"}],"author":[{"embeddable":true,"href":"https:\/\/legalbrandservices.com\/ca\/wp-json\/wp\/v2\/users\/1"}],"replies":[{"embeddable":true,"href":"https:\/\/legalbrandservices.com\/ca\/wp-json\/wp\/v2\/comments?post=607"}],"version-history":[{"count":16,"href":"https:\/\/legalbrandservices.com\/ca\/wp-json\/wp\/v2\/pages\/607\/revisions"}],"predecessor-version":[{"id":810,"href":"https:\/\/legalbrandservices.com\/ca\/wp-json\/wp\/v2\/pages\/607\/revisions\/810"}],"wp:attachment":[{"href":"https:\/\/legalbrandservices.com\/ca\/wp-json\/wp\/v2\/media?parent=607"}],"wp:term":[{"taxonomy":"dipi_cpt_category","embeddable":true,"href":"https:\/\/legalbrandservices.com\/ca\/wp-json\/wp\/v2\/dipi_cpt_category?post=607"}],"curies":[{"name":"wp","href":"https:\/\/api.w.org\/{rel}","templated":true}]}}